{"id":1069,"date":"2024-11-02T09:20:10","date_gmt":"2024-11-02T09:20:10","guid":{"rendered":"https:\/\/fitoterapiaclinica.com\/services\/"},"modified":"2025-04-13T19:46:09","modified_gmt":"2025-04-13T19:46:09","slug":"services","status":"publish","type":"page","link":"https:\/\/fitoterapiaclinica.com\/en\/services\/","title":{"rendered":"Services"},"content":{"rendered":"<div data-elementor-type=\"wp-post\" data-elementor-id=\"1069\" class=\"elementor elementor-1069\" data-elementor-post-type=\"page\">\n\t\t\t\t<div class=\"elementor-element elementor-element-fbf7f1c e-flex e-con-boxed e-con e-parent\" data-id=\"fbf7f1c\" data-element_type=\"container\" data-settings=\"{&quot;background_background&quot;:&quot;classic&quot;}\">\n\t\t\t\t\t<div class=\"e-con-inner\">\n\t\t<div class=\"elementor-element elementor-element-cb4ac2f e-con-full e-flex e-con e-child\" data-id=\"cb4ac2f\" data-element_type=\"container\">\n\t\t\t\t<div class=\"elementor-element elementor-element-1a9548b elementor-widget elementor-widget-heading\" data-id=\"1a9548b\" data-element_type=\"widget\" data-widget_type=\"heading.default\">\n\t\t\t\t<div class=\"elementor-widget-container\">\n\t\t\t\t\t<h1 class=\"elementor-heading-title elementor-size-default\">Services<\/h1>\t\t\t\t<\/div>\n\t\t\t\t<\/div>\n\t\t\t\t<\/div>\n\t\t\t\t\t<\/div>\n\t\t\t\t<\/div>\n\t\t<div class=\"elementor-element elementor-element-fdad8be e-flex e-con-boxed e-con e-parent\" data-id=\"fdad8be\" data-element_type=\"container\" data-settings=\"{&quot;background_background&quot;:&quot;classic&quot;}\">\n\t\t\t\t\t<div class=\"e-con-inner\">\n\t\t<div class=\"elementor-element elementor-element-f5caa53 e-con-full e-flex e-con e-child\" data-id=\"f5caa53\" data-element_type=\"container\">\n\t\t<div class=\"elementor-element elementor-element-d03c8db e-con-full e-flex e-con e-child\" data-id=\"d03c8db\" data-element_type=\"container\">\n\t\t<div class=\"elementor-element elementor-element-8544fd4 e-con-full e-flex e-con e-child\" data-id=\"8544fd4\" data-element_type=\"container\">\n\t\t\t\t<div class=\"elementor-element elementor-element-1312be8 elementor-widget elementor-widget-heading\" data-id=\"1312be8\" data-element_type=\"widget\" data-widget_type=\"heading.default\">\n\t\t\t\t<div class=\"elementor-widget-container\">\n\t\t\t\t\t<h5 class=\"elementor-heading-title elementor-size-default\">01.<\/h5>\t\t\t\t<\/div>\n\t\t\t\t<\/div>\n\t\t\t\t<div class=\"elementor-element elementor-element-b488c44 elementor-widget elementor-widget-heading\" data-id=\"b488c44\" data-element_type=\"widget\" id=\"consultainicial\" data-widget_type=\"heading.default\">\n\t\t\t\t<div class=\"elementor-widget-container\">\n\t\t\t\t\t<h2 class=\"elementor-heading-title elementor-size-default\">Specific consultation\n<\/h2>\t\t\t\t<\/div>\n\t\t\t\t<\/div>\n\t\t\t\t<div class=\"elementor-element elementor-element-44e3fb7 elementor-widget elementor-widget-image\" data-id=\"44e3fb7\" data-element_type=\"widget\" data-widget_type=\"image.default\">\n\t\t\t\t<div class=\"elementor-widget-container\">\n\t\t\t\t\t\t\t\t\t\t\t\t\t\t\t<img decoding=\"async\" src=\"https:\/\/i0.wp.com\/fitoterapiaclinica.com\/wp-content\/uploads\/2024\/12\/AdobeStock_437503180-scaled.jpg?fit=600%2C600&#038;ssl=1\" title=\"Natural medicine,fresh herbs\" alt=\"Herbal medicine, set of medicinal herbs and plants.Natural medicine and homeopathy\" loading=\"lazy\" \/>\t\t\t\t\t\t\t\t\t\t\t\t\t\t\t<\/div>\n\t\t\t\t<\/div>\n\t\t\t\t<\/div>\n\t\t<div class=\"elementor-element elementor-element-7f6b13b e-con-full e-flex e-con e-child\" data-id=\"7f6b13b\" data-element_type=\"container\">\n\t\t\t\t<div class=\"elementor-element elementor-element-a9efe0c elementor-widget-divider--view-line elementor-widget elementor-widget-divider\" data-id=\"a9efe0c\" data-element_type=\"widget\" data-widget_type=\"divider.default\">\n\t\t\t\t<div class=\"elementor-widget-container\">\n\t\t\t\t\t\t\t<div class=\"elementor-divider\">\n\t\t\t<span class=\"elementor-divider-separator\">\n\t\t\t\t\t\t<\/span>\n\t\t<\/div>\n\t\t\t\t\t\t<\/div>\n\t\t\t\t<\/div>\n\t\t\t\t<div class=\"elementor-element elementor-element-4efb4b3 elementor-widget elementor-widget-text-editor\" data-id=\"4efb4b3\" data-element_type=\"widget\" data-widget_type=\"text-editor.default\">\n\t\t\t\t<div class=\"elementor-widget-container\">\n\t\t\t\t\t\t\t\t\t<p class=\"p1\">This option is designed to efficiently and directly address minor ailments and specific concerns. During the consultation, your current situation will be assessed, possible causes identified, and a specific solution or practical recommendations provided.<\/p><p class=\"p1\">It is ideal for those seeking immediate guidance on simple issues without requiring an in-depth exploration. Perfect for resolving quick questions or occasional discomforts.<\/p><p class=\"p1\">Book your Initial Consultation and receive the clear, focused attention you need.<\/p><p><strong>Duration: 45 minutes. Precio: 45\u20ac<\/strong><\/p>\t\t\t\t\t\t\t\t<\/div>\n\t\t\t\t<\/div>\n\t\t\t\t<\/div>\n\t\t<div class=\"elementor-element elementor-element-b52f38f e-con-full e-flex e-con e-child\" data-id=\"b52f38f\" data-element_type=\"container\">\n\t\t\t\t<\/div>\n\t\t\t\t<\/div>\n\t\t<div class=\"elementor-element elementor-element-e4b644e e-con-full e-flex e-con e-child\" data-id=\"e4b644e\" data-element_type=\"container\">\n\t\t<div class=\"elementor-element elementor-element-f32ea17 e-con-full e-flex e-con e-child\" data-id=\"f32ea17\" data-element_type=\"container\">\n\t\t\t\t<div class=\"elementor-element elementor-element-a9f4c77 elementor-widget elementor-widget-heading\" data-id=\"a9f4c77\" data-element_type=\"widget\" data-widget_type=\"heading.default\">\n\t\t\t\t<div class=\"elementor-widget-container\">\n\t\t\t\t\t<h5 class=\"elementor-heading-title elementor-size-default\">02.<\/h5>\t\t\t\t<\/div>\n\t\t\t\t<\/div>\n\t\t\t\t<div class=\"elementor-element elementor-element-b52699d elementor-widget elementor-widget-heading\" data-id=\"b52699d\" data-element_type=\"widget\" id=\"consultainmersiva\" data-widget_type=\"heading.default\">\n\t\t\t\t<div class=\"elementor-widget-container\">\n\t\t\t\t\t<h2 class=\"elementor-heading-title elementor-size-default\">Immersive initial consultation<\/h2>\t\t\t\t<\/div>\n\t\t\t\t<\/div>\n\t\t\t\t<\/div>\n\t\t<div class=\"elementor-element elementor-element-dde8818 e-con-full e-flex e-con e-child\" data-id=\"dde8818\" data-element_type=\"container\">\n\t\t\t\t<div class=\"elementor-element elementor-element-377c3cb elementor-widget-divider--view-line elementor-widget elementor-widget-divider\" data-id=\"377c3cb\" data-element_type=\"widget\" data-widget_type=\"divider.default\">\n\t\t\t\t<div class=\"elementor-widget-container\">\n\t\t\t\t\t\t\t<div class=\"elementor-divider\">\n\t\t\t<span class=\"elementor-divider-separator\">\n\t\t\t\t\t\t<\/span>\n\t\t<\/div>\n\t\t\t\t\t\t<\/div>\n\t\t\t\t<\/div>\n\t\t\t\t<div class=\"elementor-element elementor-element-a2b9109 elementor-widget elementor-widget-text-editor\" data-id=\"a2b9109\" data-element_type=\"widget\" data-widget_type=\"text-editor.default\">\n\t\t\t\t<div class=\"elementor-widget-container\">\n\t\t\t\t\t\t\t\t\t<p class=\"p1\">This consultation is designed to address chronic conditions or complex situations that require detailed analysis. It is ideal if you are seeking complementary support to your current medical treatment or if previous options have not been effective or the<br \/>side effects of your medications are not tolerable for you.<br \/>During the session, a comprehensive evaluation will be conducted to better understand your situation through:<br \/>-Health history review: examination of recent and past medical reports and blood and urine analyses.<br \/>- Clinical history intake: review of recent medical reports, blood and urine tests.\n- Clinical assessment form: During this process, I\u2019ll ask you questions on multiple levels: physical (symptoms), mental, emotional, habits, hobbies, diet, work situation, family medical history, current supplements and medications <strong>(to assess potential interactions with medicinal plants).<\/strong><br \/>This is the first step toward achieving a comprehensive, tailored approach to your health. It allows me to explore <strong>the underlying causes<\/strong> of your condition and select the most suitable medicinal plant blend and nutritional recommendations,<br \/>adjusted to your personal preferences and tastes.<\/p><p>Receive everything you truly deserve: a care approach genuinely aimed at helping you.<\/p><p><strong>Duration: 90 minutes. Price: 65\u20ac<\/strong><\/p><p>Highly recommended: Continue with the <strong>Follow-up Consultation<\/strong>:<\/p><p class=\"p1\">This consultation is intended to assess the progress made after the Initial Consultation. It allows us to review the results achieved, identify improvements, and make any necessary adjustments to ensure you continue moving forward in your recovery process.<\/p><p class=\"p1\">It's a space to address any questions, evaluate your progress, and ensure that the recommendations remain effective and tailored to your needs.\nBook your Follow-Up Consultation and stay on track toward optimal and sustained healing.<\/p><p><strong>Duration: 45 minutes. Precio: 45\u20ac<\/strong><\/p>\t\t\t\t\t\t\t\t<\/div>\n\t\t\t\t<\/div>\n\t\t\t\t<\/div>\n\t\t<div class=\"elementor-element elementor-element-13b0701 e-con-full e-flex e-con e-child\" data-id=\"13b0701\" data-element_type=\"container\">\n\t\t\t\t<div class=\"elementor-element elementor-element-466a683 elementor-widget elementor-widget-image\" data-id=\"466a683\" data-element_type=\"widget\" data-widget_type=\"image.default\">\n\t\t\t\t<div class=\"elementor-widget-container\">\n\t\t\t\t\t\t\t\t\t\t\t\t\t\t\t<img decoding=\"async\" src=\"https:\/\/i0.wp.com\/fitoterapiaclinica.com\/wp-content\/uploads\/2025\/01\/IMG_0423-scaled.jpg?fit=600%2C600&#038;ssl=1\" title=\"IMG_0423\" alt=\"IMG_0423\" loading=\"lazy\" \/>\t\t\t\t\t\t\t\t\t\t\t\t\t\t\t<\/div>\n\t\t\t\t<\/div>\n\t\t\t\t<\/div>\n\t\t\t\t<\/div>\n\t\t<div class=\"elementor-element elementor-element-070a446 e-con-full e-flex e-con e-child\" data-id=\"070a446\" data-element_type=\"container\">\n\t\t<div class=\"elementor-element elementor-element-12b5808 e-con-full e-flex e-con e-child\" data-id=\"12b5808\" data-element_type=\"container\">\n\t\t\t\t<div class=\"elementor-element elementor-element-ba39375 elementor-widget elementor-widget-heading\" data-id=\"ba39375\" data-element_type=\"widget\" data-widget_type=\"heading.default\">\n\t\t\t\t<div class=\"elementor-widget-container\">\n\t\t\t\t\t<h5 class=\"elementor-heading-title elementor-size-default\">03.<\/h5>\t\t\t\t<\/div>\n\t\t\t\t<\/div>\n\t\t\t\t<div class=\"elementor-element elementor-element-0652455 elementor-widget elementor-widget-heading\" data-id=\"0652455\" data-element_type=\"widget\" id=\"consultaseguimiento\" data-widget_type=\"heading.default\">\n\t\t\t\t<div class=\"elementor-widget-container\">\n\t\t\t\t\t<h2 class=\"elementor-heading-title elementor-size-default\">Pack 3 Consultas y 1er tratamiento<\/h2>\t\t\t\t<\/div>\n\t\t\t\t<\/div>\n\t\t\t\t<\/div>\n\t\t<div class=\"elementor-element elementor-element-e69af6b e-con-full e-flex e-con e-child\" data-id=\"e69af6b\" data-element_type=\"container\">\n\t\t\t\t<div class=\"elementor-element elementor-element-d75d0c6 elementor-widget-divider--view-line elementor-widget elementor-widget-divider\" data-id=\"d75d0c6\" data-element_type=\"widget\" data-widget_type=\"divider.default\">\n\t\t\t\t<div class=\"elementor-widget-container\">\n\t\t\t\t\t\t\t<div class=\"elementor-divider\">\n\t\t\t<span class=\"elementor-divider-separator\">\n\t\t\t\t\t\t<\/span>\n\t\t<\/div>\n\t\t\t\t\t\t<\/div>\n\t\t\t\t<\/div>\n\t\t\t\t<div class=\"elementor-element elementor-element-c07e55e elementor-widget elementor-widget-text-editor\" data-id=\"c07e55e\" data-element_type=\"widget\" data-widget_type=\"text-editor.default\">\n\t\t\t\t<div class=\"elementor-widget-container\">\n\t\t\t\t\t\t\t\t\t<p class=\"\" data-start=\"91\" data-end=\"350\">Begin your journey towards balance with this practical pack:<br data-start=\"221\" data-end=\"224\" \/>\u2714 In-depth initial consultation<br data-start=\"257\" data-end=\"260\" \/>\u2714 2 personalized follow-up sessions<br data-start=\"291\" data-end=\"294\" data-is-only-node=\"\" \/>\u2714 First customized medicinal plant blend*<\/p><p class=\"\" data-start=\"352\" data-end=\"528\">Everything you need to start feeling better, with professional and compassionate support.<br data-start=\"450\" data-end=\"453\" \/><strong data-start=\"453\" data-end=\"470\">Precio: 145\u20ac<\/strong><br data-start=\"470\" data-end=\"473\" \/>*Supplements not included if recommended.<\/p>\t\t\t\t\t\t\t\t<\/div>\n\t\t\t\t<\/div>\n\t\t\t\t<\/div>\n\t\t<div class=\"elementor-element elementor-element-f8baabd e-con-full e-flex e-con e-child\" data-id=\"f8baabd\" data-element_type=\"container\">\n\t\t\t\t<div class=\"elementor-element elementor-element-b878e10 elementor-widget elementor-widget-image\" data-id=\"b878e10\" data-element_type=\"widget\" data-widget_type=\"image.default\">\n\t\t\t\t<div class=\"elementor-widget-container\">\n\t\t\t\t\t\t\t\t\t\t\t\t\t\t\t<img decoding=\"async\" src=\"https:\/\/i0.wp.com\/fitoterapiaclinica.com\/wp-content\/uploads\/2024\/12\/AdobeStock_69572966-scaled.jpg?fit=600%2C600&#038;ssl=1\" title=\"Herbal medicine and book\" alt=\"Herbal medicine and book\" loading=\"lazy\" \/>\t\t\t\t\t\t\t\t\t\t\t\t\t\t\t<\/div>\n\t\t\t\t<\/div>\n\t\t\t\t<\/div>\n\t\t\t\t<\/div>\n\t\t\t\t<\/div>\n\t\t\t\t\t<\/div>\n\t\t\t\t<\/div>\n\t\t\t\t<\/div>","protected":false},"excerpt":{"rendered":"<p>Servicios 01. Consulta puntual Esta opci\u00f3n est\u00e1 pensada para atender afecciones menores y problemas puntuales de manera eficiente y directa. Durante la consulta, se evaluar\u00e1 tu situaci\u00f3n actual, se identificar\u00e1n posibles causas y se proporcionar\u00e1 una soluci\u00f3n espec\u00edfica o recomendaciones pr\u00e1cticas. Es ideal para quienes necesitan orientaci\u00f3n inmediata sobre temas simples, sin requerir una exploraci\u00f3n [&hellip;]<\/p>","protected":false},"author":1,"featured_media":0,"parent":0,"menu_order":0,"comment_status":"closed","ping_status":"closed","template":"","meta":{"_monsterinsights_skip_tracking":false,"_monsterinsights_sitenote_active":false,"_monsterinsights_sitenote_note":"","_monsterinsights_sitenote_category":0,"site-sidebar-layout":"no-sidebar","site-content-layout":"page-builder","ast-site-content-layout":"full-width-container","site-content-style":"unboxed","site-sidebar-style":"unboxed","ast-global-header-display":"","ast-banner-title-visibility":"","ast-main-header-display":"","ast-hfb-above-header-display":"","ast-hfb-below-header-display":"","ast-hfb-mobile-header-display":"","site-post-title":"disabled","ast-breadcrumbs-content":"","ast-featured-img":"disabled","footer-sml-layout":"","theme-transparent-header-meta":"enabled","adv-header-id-meta":"","stick-header-meta":"","header-above-stick-meta":"","header-main-stick-meta":"","header-below-stick-meta":"","astra-migrate-meta-layouts":"set","ast-page-background-enabled":"default","ast-page-background-meta":{"desktop":{"background-color":"","background-image":"","background-repeat":"repeat","background-position":"center center","background-size":"auto","background-attachment":"scroll","background-type":"","background-media":"","overlay-type":"","overlay-color":"","overlay-opacity":"","overlay-gradient":""},"tablet":{"background-color":"","background-image":"","background-repeat":"repeat","background-position":"center center","background-size":"auto","background-attachment":"scroll","background-type":"","background-media":"","overlay-type":"","overlay-color":"","overlay-opacity":"","overlay-gradient":""},"mobile":{"background-color":"","background-image":"","background-repeat":"repeat","background-position":"center center","background-size":"auto","background-attachment":"scroll","background-type":"","background-media":"","overlay-type":"","overlay-color":"","overlay-opacity":"","overlay-gradient":""}},"ast-content-background-meta":{"desktop":{"background-color":"var(--ast-global-color-5)","background-image":"","background-repeat":"repeat","background-position":"center center","background-size":"auto","background-attachment":"scroll","background-type":"","background-media":"","overlay-type":"","overlay-color":"","overlay-opacity":"","overlay-gradient":""},"tablet":{"background-color":"var(--ast-global-color-5)","background-image":"","background-repeat":"repeat","background-position":"center center","background-size":"auto","background-attachment":"scroll","background-type":"","background-media":"","overlay-type":"","overlay-color":"","overlay-opacity":"","overlay-gradient":""},"mobile":{"background-color":"var(--ast-global-color-5)","background-image":"","background-repeat":"repeat","background-position":"center center","background-size":"auto","background-attachment":"scroll","background-type":"","background-media":"","overlay-type":"","overlay-color":"","overlay-opacity":"","overlay-gradient":""}},"footnotes":""},"class_list":["post-1069","page","type-page","status-publish","hentry"],"jetpack_sharing_enabled":true,"_links":{"self":[{"href":"https:\/\/fitoterapiaclinica.com\/en\/wp-json\/wp\/v2\/pages\/1069","targetHints":{"allow":["GET"]}}],"collection":[{"href":"https:\/\/fitoterapiaclinica.com\/en\/wp-json\/wp\/v2\/pages"}],"about":[{"href":"https:\/\/fitoterapiaclinica.com\/en\/wp-json\/wp\/v2\/types\/page"}],"author":[{"embeddable":true,"href":"https:\/\/fitoterapiaclinica.com\/en\/wp-json\/wp\/v2\/users\/1"}],"replies":[{"embeddable":true,"href":"https:\/\/fitoterapiaclinica.com\/en\/wp-json\/wp\/v2\/comments?post=1069"}],"version-history":[{"count":58,"href":"https:\/\/fitoterapiaclinica.com\/en\/wp-json\/wp\/v2\/pages\/1069\/revisions"}],"predecessor-version":[{"id":2044,"href":"https:\/\/fitoterapiaclinica.com\/en\/wp-json\/wp\/v2\/pages\/1069\/revisions\/2044"}],"wp:attachment":[{"href":"https:\/\/fitoterapiaclinica.com\/en\/wp-json\/wp\/v2\/media?parent=1069"}],"curies":[{"name":"wp","href":"https:\/\/api.w.org\/{rel}","templated":true}]}}