{"id":1200,"date":"2024-11-16T09:01:35","date_gmt":"2024-11-16T09:01:35","guid":{"rendered":"https:\/\/fitoterapiaclinica.com\/?page_id=1200"},"modified":"2025-01-16T16:22:43","modified_gmt":"2025-01-16T16:22:43","slug":"politica-de-privacidad","status":"publish","type":"page","link":"https:\/\/fitoterapiaclinica.com\/en\/politica-de-privacidad\/","title":{"rendered":"Privacy policy"},"content":{"rendered":"<div data-elementor-type=\"wp-page\" data-elementor-id=\"1200\" class=\"elementor elementor-1200\" data-elementor-post-type=\"page\">\n\t\t\t\t<div class=\"elementor-element elementor-element-942d8cb e-flex e-con-boxed e-con e-parent\" data-id=\"942d8cb\" data-element_type=\"container\">\n\t\t\t\t\t<div class=\"e-con-inner\">\n\t\t\t\t<div class=\"elementor-element elementor-element-041795e elementor-widget elementor-widget-heading\" data-id=\"041795e\" data-element_type=\"widget\" data-widget_type=\"heading.default\">\n\t\t\t\t<div class=\"elementor-widget-container\">\n\t\t\t\t\t<h2 class=\"elementor-heading-title elementor-size-default\">POL\u00cdTICA DE PRIVACIDAD<\/h2>\t\t\t\t<\/div>\n\t\t\t\t<\/div>\n\t\t\t\t<div class=\"elementor-element elementor-element-46c68b5 elementor-widget elementor-widget-text-editor\" data-id=\"46c68b5\" data-element_type=\"widget\" data-widget_type=\"text-editor.default\">\n\t\t\t\t<div class=\"elementor-widget-container\">\n\t\t\t\t\t\t\t\t\t<p>La presente Pol\u00edtica de Privacidad tiene el objetivo de dar a conocer el modo en que se recaban, tratan y protegen los datos de car\u00e1cter personal que pudieran proporcionarse por los usuarios de este sitio web.<\/p><p>Uso y tratamiento de los datos de car\u00e1cter personal<\/p><p>FITOTERAPIA CLINICA HOLISTICA, recopila y trata datos personales de los usuarios (como nombre, direcci\u00f3n, tel\u00e9fono, direcci\u00f3n de correo electr\u00f3nico y otros similares) para poder prestarle nuestros servicios, facilitarle los productos que solicite de acuerdo a sus gustos y preferencias o mantenerle informado de nuestras novedades.<br \/>La informaci\u00f3n de car\u00e1cter personal que pudiera proporcionar a trav\u00e9s de la p\u00e1gina web ser\u00e1 incorporada a un fichero titularidad de FITOTERAPIA CLINICA HOLISTICA<br \/>Los empleados de FITOTERAPIA CLINICA HOLISTICA\u00a0ser\u00e1n los destinatarios de la informaci\u00f3n recogida. Esta compa\u00f1\u00eda no vender\u00e1, ceder\u00e1 ni distribuir\u00e1 la informaci\u00f3n personal que es recopilada sin su consentimiento.<\/p><p>Ejercicio de derechos: acceso, rectificaci\u00f3n, cancelaci\u00f3n y oposici\u00f3n<\/p><p>Los usuarios que hayan facilitado sus datos personales En cualquier momento puede revocar el consentimiento otorgado para el tratamiento de sus datos personales por escrito, a trav\u00e9s del correo electr\u00f3nico mariamfitoterapeuta@gmail.com, remiti\u00e9ndonos una copia de su DNI.<\/p><p>Seguridad de su informaci\u00f3n personal<\/p><p>Utilizamos medidas de seguridad para proteger sus datos personales y evitar su divulgaci\u00f3n no autorizada, uso indebido o alteraci\u00f3n.<br \/>No obstante, el usuario debe conocer que las medidas de seguridad en internet no son completamente infranqueables y ninguna transmisi\u00f3n en internet es completamente segura o libre de errores, en cuyo caso FITOTERAPIA CLINICA HOLISTICA\u00a0no podr\u00e1 hacerse responsable.<\/p><p>Enlaces a sitios de terceros<\/p><p>Este sitio web podr\u00eda contener enlaces a sitios de terceros. Estos sitios cuentan con sus propias pol\u00edticas de privacidad que le instamos a revisar.<\/p><p>Menores<\/p><p>Si alguno de los productos o servicios fuera dirigido a menores de 14 a\u00f1os, FITOTERAPIA CLINICA HOLISTICA\u00a0no recopilar\u00e1 datos personales del menor a menos que lo permitan las leyes vigentes y tenga el consentimiento expreso de sus padres o tutores legales.<\/p><p>Cambios en la pol\u00edtica de privacidad<\/p><p>FITOTERAPIA CLINICA HOLISTICA\u00a0se reserva el derecho a actualizar o modificar los t\u00e9rminos de su pol\u00edtica de privacidad en cualquier momento y sin previo aviso debido a cambios en la legislaci\u00f3n o a su propio criterio. Las modificaciones se aplicar\u00e1n s\u00f3lo a la informaci\u00f3n recabada despu\u00e9s de su efectiva publicaci\u00f3n.<\/p><p>Legislaci\u00f3n aplicable<\/p><p>La relaci\u00f3n con el usuario y cualquier controversia derivada del uso del site se regir\u00e1 y someter\u00e1 a las leyes de Espa\u00f1a.<\/p>\t\t\t\t\t\t\t\t<\/div>\n\t\t\t\t<\/div>\n\t\t\t\t\t<\/div>\n\t\t\t\t<\/div>\n\t\t\t\t<\/div>","protected":false},"excerpt":{"rendered":"<p>POL\u00cdTICA DE PRIVACIDAD La presente Pol\u00edtica de Privacidad tiene el objetivo de dar a conocer el modo en que se recaban, tratan y protegen los datos de car\u00e1cter personal que pudieran proporcionarse por los usuarios de este sitio web. Uso y tratamiento de los datos de car\u00e1cter personal FITOTERAPIA CLINICA HOLISTICA, recopila y trata datos [&hellip;]<\/p>","protected":false},"author":1,"featured_media":0,"parent":0,"menu_order":0,"comment_status":"closed","ping_status":"closed","template":"","meta":{"_monsterinsights_skip_tracking":false,"_monsterinsights_sitenote_active":false,"_monsterinsights_sitenote_note":"","_monsterinsights_sitenote_category":0,"site-sidebar-layout":"no-sidebar","site-content-layout":"page-builder","ast-site-content-layout":"full-width-container","site-content-style":"default","site-sidebar-style":"default","ast-global-header-display":"","ast-banner-title-visibility":"","ast-main-header-display":"","ast-hfb-above-header-display":"","ast-hfb-below-header-display":"","ast-hfb-mobile-header-display":"","site-post-title":"disabled","ast-breadcrumbs-content":"","ast-featured-img":"disabled","footer-sml-layout":"","theme-transparent-header-meta":"","adv-header-id-meta":"","stick-header-meta":"","header-above-stick-meta":"","header-main-stick-meta":"","header-below-stick-meta":"","astra-migrate-meta-layouts":"set","ast-page-background-enabled":"default","ast-page-background-meta":{"desktop":{"background-color":"","background-image":"","background-repeat":"repeat","background-position":"center center","background-size":"auto","background-attachment":"scroll","background-type":"","background-media":"","overlay-type":"","overlay-color":"","overlay-opacity":"","overlay-gradient":""},"tablet":{"background-color":"","background-image":"","background-repeat":"repeat","background-position":"center center","background-size":"auto","background-attachment":"scroll","background-type":"","background-media":"","overlay-type":"","overlay-color":"","overlay-opacity":"","overlay-gradient":""},"mobile":{"background-color":"","background-image":"","background-repeat":"repeat","background-position":"center center","background-size":"auto","background-attachment":"scroll","background-type":"","background-media":"","overlay-type":"","overlay-color":"","overlay-opacity":"","overlay-gradient":""}},"ast-content-background-meta":{"desktop":{"background-color":"var(--ast-global-color-5)","background-image":"","background-repeat":"repeat","background-position":"center center","background-size":"auto","background-attachment":"scroll","background-type":"","background-media":"","overlay-type":"","overlay-color":"","overlay-opacity":"","overlay-gradient":""},"tablet":{"background-color":"var(--ast-global-color-5)","background-image":"","background-repeat":"repeat","background-position":"center center","background-size":"auto","background-attachment":"scroll","background-type":"","background-media":"","overlay-type":"","overlay-color":"","overlay-opacity":"","overlay-gradient":""},"mobile":{"background-color":"var(--ast-global-color-5)","background-image":"","background-repeat":"repeat","background-position":"center center","background-size":"auto","background-attachment":"scroll","background-type":"","background-media":"","overlay-type":"","overlay-color":"","overlay-opacity":"","overlay-gradient":""}},"footnotes":""},"class_list":["post-1200","page","type-page","status-publish","hentry"],"jetpack_sharing_enabled":true,"_links":{"self":[{"href":"https:\/\/fitoterapiaclinica.com\/en\/wp-json\/wp\/v2\/pages\/1200","targetHints":{"allow":["GET"]}}],"collection":[{"href":"https:\/\/fitoterapiaclinica.com\/en\/wp-json\/wp\/v2\/pages"}],"about":[{"href":"https:\/\/fitoterapiaclinica.com\/en\/wp-json\/wp\/v2\/types\/page"}],"author":[{"embeddable":true,"href":"https:\/\/fitoterapiaclinica.com\/en\/wp-json\/wp\/v2\/users\/1"}],"replies":[{"embeddable":true,"href":"https:\/\/fitoterapiaclinica.com\/en\/wp-json\/wp\/v2\/comments?post=1200"}],"version-history":[{"count":4,"href":"https:\/\/fitoterapiaclinica.com\/en\/wp-json\/wp\/v2\/pages\/1200\/revisions"}],"predecessor-version":[{"id":1806,"href":"https:\/\/fitoterapiaclinica.com\/en\/wp-json\/wp\/v2\/pages\/1200\/revisions\/1806"}],"wp:attachment":[{"href":"https:\/\/fitoterapiaclinica.com\/en\/wp-json\/wp\/v2\/media?parent=1200"}],"curies":[{"name":"wp","href":"https:\/\/api.w.org\/{rel}","templated":true}]}}