{"id":1202,"date":"2024-11-16T09:01:49","date_gmt":"2024-11-16T09:01:49","guid":{"rendered":"https:\/\/fitoterapiaclinica.com\/?page_id=1202"},"modified":"2025-01-16T16:21:13","modified_gmt":"2025-01-16T16:21:13","slug":"politica-de-cookies","status":"publish","type":"page","link":"https:\/\/fitoterapiaclinica.com\/en\/politica-de-cookies\/","title":{"rendered":"Cookies policy"},"content":{"rendered":"<div data-elementor-type=\"wp-page\" data-elementor-id=\"1202\" class=\"elementor elementor-1202\" data-elementor-post-type=\"page\">\n\t\t\t\t<div class=\"elementor-element elementor-element-9312032 e-flex e-con-boxed e-con e-parent\" data-id=\"9312032\" data-element_type=\"container\">\n\t\t\t\t\t<div class=\"e-con-inner\">\n\t\t\t\t<div class=\"elementor-element elementor-element-bc3a433 elementor-widget elementor-widget-heading\" data-id=\"bc3a433\" data-element_type=\"widget\" data-widget_type=\"heading.default\">\n\t\t\t\t<div class=\"elementor-widget-container\">\n\t\t\t\t\t<h2 class=\"elementor-heading-title elementor-size-default\">POL\u00cdTICA DE COOKIES<\/h2>\t\t\t\t<\/div>\n\t\t\t\t<\/div>\n\t\t\t\t<div class=\"elementor-element elementor-element-6369d2f elementor-widget elementor-widget-text-editor\" data-id=\"6369d2f\" data-element_type=\"widget\" data-widget_type=\"text-editor.default\">\n\t\t\t\t<div class=\"elementor-widget-container\">\n\t\t\t\t\t\t\t\t\t<p>Esta web utiliza \u2018cookies\u2019 propias y de terceros para ofrecerle una mejor experiencia y servicio. Al navegar o utilizar nuestros servicios el usuario acepta el uso que hacemos de las \u2018cookies\u2019. Sin embargo, el usuario tiene la opci\u00f3n de impedir la generaci\u00f3n de \u2018cookies\u2019 y la eliminaci\u00f3n de las mismas mediante la selecci\u00f3n de la correspondiente opci\u00f3n en su navegador. En caso de bloquear el uso de \u2018cookies\u2019 en su navegador es posible que algunos servicios o funcionalidades de la p\u00e1gina web no est\u00e9n disponibles.<br \/><br \/>\u00bfQu\u00e9 es una \u2018cookie\u2019?<br \/>Una \u2018cookie\u2019 es un peque\u00f1o fragmento de texto que los sitios web env\u00edan al navegador y que se almacenan en el terminal del usuario, el cual puede ser un ordenador personal, un tel\u00e9fono m\u00f3vil, una tableta, etc. Estos archivos permiten que el sitio web recuerde informaci\u00f3n sobre su visita, como el idioma y las opciones preferidas, lo que puede facilitar su pr\u00f3xima visita y hacer que el sitio resulte m\u00e1s \u00fatil al personalizar su contenido. Las \u2018cookies\u2019 desempe\u00f1an un papel muy importante, al mejorar la experiencia del uso de la web.<br \/><br \/>\u00bfC\u00f3mo se utilizan las \u2018cookies\u2019?<br \/>Al navegar por este portal web el usuario est\u00e1 aceptando que se puedan instalar \u2018cookies\u2019 en su terminal y que nos permiten conocer la siguiente informaci\u00f3n:<br \/>\u00b7 Informaci\u00f3n estad\u00edstica del uso de la web.<br \/>\u00b7 El \u2018login\u2019 del usuario para mantener la sesi\u00f3n activa en la web.<br \/>\u00b7 El formato de la web preferente en el acceso desde dispositivos m\u00f3viles.<br \/>\u00b7 Las \u00faltimas b\u00fasquedas realizadas en los servicios de la web y datos de personalizaci\u00f3n de estos servicios.<br \/>\u00b7 Informaci\u00f3n sobre los anuncios que se muestran al usuario.<br \/>\u00b7 Informaci\u00f3n de las encuestas en las que ha participado el usuario.<br \/>\u00b7 Datos de la conexi\u00f3n con las redes sociales para los usuarios que acceden con su usuario de Facebook o Twitter.<br \/><br \/><br \/>Tipos de \u2018cookies\u2019 utilizadas<br \/>Esta web utiliza tanto \u2018cookies\u2019 temporales de sesi\u00f3n como \u2018cookies\u2019 permanentes. Las \u2018cookies\u2019 de sesi\u00f3n almacenan datos \u00fanicamente mientras el usuario accede a la web y las \u2018cookies\u2019 permanentes almacenan los datos en el terminal para que sean accedidos y utilizados en m\u00e1s de una sesi\u00f3n.<br \/>Seg\u00fan la finalidad para la que se traten los datos obtenidos a trav\u00e9s de las \u2018cookies\u2019, el web puede utilizar:<br \/><br \/>\u2018Cookies\u2019 t\u00e9cnicas<br \/>Son aqu\u00e9llas que permiten al usuario la navegaci\u00f3n a trav\u00e9s de la p\u00e1gina web o aplicaci\u00f3n y la utilizaci\u00f3n de las diferentes opciones o servicios que en ella existen. Por ejemplo, controlar el tr\u00e1fico y la comunicaci\u00f3n de datos, identificar la sesi\u00f3n, acceder a las partes web de acceso restringido, recordar los elementos que integran un pedido, realizar la solicitud de inscripci\u00f3n o participaci\u00f3n en un evento, utilizar elementos de seguridad durante la navegaci\u00f3n y almacenar contenidos para la difusi\u00f3n de videos o sonido.<br \/><br \/>\u2018Cookies\u2019 de personalizaci\u00f3n<br \/>Son aqu\u00e9llas que permiten al usuario acceder al servicio con algunas caracter\u00edsticas de car\u00e1cter general predefinidas en su terminal o que el propio usuario defina. Por ejemplo, el idioma, el tipo de navegador a trav\u00e9s del cual accede al servicio, el dise\u00f1o de contenidos seleccionado, geolocalizaci\u00f3n del terminal y la configuraci\u00f3n regional desde donde se accede al servicio.<br \/><br \/>\u2018Cookies\u2019 publicitarias<br \/>Son aqu\u00e9llas que permiten la gesti\u00f3n eficaz de los espacios publicitarios que se han incluido en la p\u00e1gina web o aplicaci\u00f3n desde la que se presta el servicio. Permiten adecuar el contenido de la publicidad para que esta sea relevante para el usuario y para evitar mostrar anuncios que el usuario ya haya visto.<br \/><br \/>\u2018Cookies\u2019 de an\u00e1lisis estad\u00edstico<br \/>Son aqu\u00e9llas que permiten realizar el seguimiento y an\u00e1lisis del comportamiento de los usuarios en los sitios web. La informaci\u00f3n recogida mediante este tipo de \u2018cookies\u2019 se utiliza en la medici\u00f3n de la actividad de los sitios web, aplicaci\u00f3n o plataforma y para la elaboraci\u00f3n de perfiles de navegaci\u00f3n de los usuarios de dichos sitios, con el fin de introducir mejoras en el servicio en funci\u00f3n de los datos de uso que hacen los usuarios.<br \/><br \/>\u2018Cookies\u2019 de terceros<br \/>En algunas p\u00e1ginas web se pueden instalar \u2018cookies\u2019 de terceros que permiten gestionar y mejorar los servicios ofrecidos. Como, por ejemplo, servicios estad\u00edsticos de Google Analytics.<br \/>Para m\u00e1s informaci\u00f3n sobre estas cookies y sobre c\u00f3mo deshabilitarlas, vea la pol\u00edtica de privacidad individual de terceros que figura a continuaci\u00f3n:<br \/><br \/>Google Maps<br \/>Tipo y finalidad: Ubicaci\u00f3n<br \/>Google Maps es un servidor de aplicaciones de mapas. Registra el origen del usuario y las keywords utilizadas. Genera un prefijo \u00fanico con fines anal\u00edticos.<br \/>Tipo y finalidad: Anal\u00edticas<br \/>Google proporciona datos an\u00f3nimos sobre las visitas a la p\u00e1gina web.<br \/><br \/>YouTube<br \/>Tipo y finalidad: V\u00eddeos<br \/>YouTube es un servicio de Google que permite la subida y visualizaci\u00f3n de v\u00eddeos. Utiliza cookies para medir las visualizaciones o registrar eventos.<br \/><br \/>Google Analytics<br \/>Tipo y finalidad: Anal\u00edticas<br \/>Google proporciona datos an\u00f3nimos sobre las visitas a nuestra web y nos permite hacer pruebas y evaluar la mejor manera de presentar la web a nuestros usuarios.<br \/><br \/>M\u00e1s informaci\u00f3n: https:\/\/www.google.com\/intl\/es\/policies\/technologies\/types\/<br \/><br \/>Basekit<br \/>Tipo y finalidad: Esenciales y de usuario<br \/>Utilizamos cookies que permiten recordar si el usuario ha aceptado el banner que muestra el mensaje sobre cookies para no volver a mostrarlo.<br \/><br \/>Adicionalmente, este sitio web podr\u00eda contener otras cookies de distintas Redes Sociales y de eCommerce.<br \/><br \/>\u00bfC\u00f3mo administrar \u2018cookies\u2019 en el navegador?<br \/>El usuario tiene la opci\u00f3n de permitir, bloquear o eliminar las \u2018cookies\u2019 instaladas en su equipo mediante la configuraci\u00f3n de las opciones del navegador instalado en su terminal:<br \/><br \/>Para ajustar los permisos relacionados con las \u2018cookies\u2019 en el navegador Google Chrome:<br \/>\u00b7 Hacer clic en el men\u00fa situado en la barra de herramientas.<br \/>\u00b7 Seleccionar Configuraci\u00f3n.<br \/>\u00b7 Hacer clic en Mostar opciones avanzadas.<br \/>\u00b7 En la secci\u00f3n \u2018Privacidad\u2019 hacer clic en el bot\u00f3n Configuraci\u00f3n de contenido.<br \/>\u00b7 En la secci\u00f3n de \u2018Cookies\u2019 se pueden configurar las opciones.<br \/>M\u00e1s informaci\u00f3n sobre Google Chrome<br \/><br \/>Para ajustar los permisos relacionados con las \u2018cookies\u2019 en el navegador Mozilla Firefox:<br \/>\u00b7 En la parte superior de la ventana de Firefox hacer clic en el men\u00fa Herramientas.<br \/>\u00b7 Seleccionar Opciones.<br \/>\u00b7 Seleccionar el panel Privacidad y Seguridad.<br \/>\u00b7 Ir a la secci\u00f3n Historial.<br \/>M\u00e1s informaci\u00f3n sobre Mozilla Firefox<br \/><br \/>Para ajustar los permisos relacionados con las \u2018cookies\u2019 en el navegador Internet Explorer:<br \/>\u00b7 En la parte superior de la ventana de Internet Explorer hacer clic en el men\u00fa Herramientas.<br \/>\u00b7 Seleccionar el bot\u00f3n Herramientas y despu\u00e9s Opciones de Internet.<br \/>\u00b7 Selecciona la pesta\u00f1a Privacidad y, en Configuraci\u00f3n, selecciona Opciones avanzadas y elige si quieres permitir o bloquear las cookies de origen y de terceros o si prefieres que te pregunten.<br \/>M\u00e1s informaci\u00f3n sobre Internet Explorer<br \/><br \/>En caso de bloquear el uso de \u2018cookies\u2019 en su navegador es posible que algunos servicios o funcionalidades de la p\u00e1gina web no est\u00e9n disponibles.<br \/>En algunos navegadores se pueden configurar reglas espec\u00edficas para administrar \u2018cookies\u2019 por sitio web, lo que ofrece un control m\u00e1s preciso sobre la privacidad. Esto significa que se puede inhabilitar \u2018cookies\u2019 de todos los sitios salvo de aquellos en los que se conf\u00ede.<br \/><br \/>Nos reservamos el derecho a actualizar oportunamente esta pol\u00edtica.<\/p>\t\t\t\t\t\t\t\t<\/div>\n\t\t\t\t<\/div>\n\t\t\t\t\t<\/div>\n\t\t\t\t<\/div>\n\t\t\t\t<\/div>","protected":false},"excerpt":{"rendered":"<p>POL\u00cdTICA DE COOKIES Esta web utiliza \u2018cookies\u2019 propias y de terceros para ofrecerle una mejor experiencia y servicio. Al navegar o utilizar nuestros servicios el usuario acepta el uso que hacemos de las \u2018cookies\u2019. Sin embargo, el usuario tiene la opci\u00f3n de impedir la generaci\u00f3n de \u2018cookies\u2019 y la eliminaci\u00f3n de las mismas mediante la [&hellip;]<\/p>","protected":false},"author":1,"featured_media":0,"parent":0,"menu_order":0,"comment_status":"closed","ping_status":"closed","template":"","meta":{"_monsterinsights_skip_tracking":false,"_monsterinsights_sitenote_active":false,"_monsterinsights_sitenote_note":"","_monsterinsights_sitenote_category":0,"site-sidebar-layout":"no-sidebar","site-content-layout":"page-builder","ast-site-content-layout":"full-width-container","site-content-style":"default","site-sidebar-style":"default","ast-global-header-display":"","ast-banner-title-visibility":"","ast-main-header-display":"","ast-hfb-above-header-display":"","ast-hfb-below-header-display":"","ast-hfb-mobile-header-display":"","site-post-title":"disabled","ast-breadcrumbs-content":"","ast-featured-img":"disabled","footer-sml-layout":"","theme-transparent-header-meta":"","adv-header-id-meta":"","stick-header-meta":"","header-above-stick-meta":"","header-main-stick-meta":"","header-below-stick-meta":"","astra-migrate-meta-layouts":"set","ast-page-background-enabled":"default","ast-page-background-meta":{"desktop":{"background-color":"","background-image":"","background-repeat":"repeat","background-position":"center center","background-size":"auto","background-attachment":"scroll","background-type":"","background-media":"","overlay-type":"","overlay-color":"","overlay-opacity":"","overlay-gradient":""},"tablet":{"background-color":"","background-image":"","background-repeat":"repeat","background-position":"center center","background-size":"auto","background-attachment":"scroll","background-type":"","background-media":"","overlay-type":"","overlay-color":"","overlay-opacity":"","overlay-gradient":""},"mobile":{"background-color":"","background-image":"","background-repeat":"repeat","background-position":"center center","background-size":"auto","background-attachment":"scroll","background-type":"","background-media":"","overlay-type":"","overlay-color":"","overlay-opacity":"","overlay-gradient":""}},"ast-content-background-meta":{"desktop":{"background-color":"var(--ast-global-color-5)","background-image":"","background-repeat":"repeat","background-position":"center center","background-size":"auto","background-attachment":"scroll","background-type":"","background-media":"","overlay-type":"","overlay-color":"","overlay-opacity":"","overlay-gradient":""},"tablet":{"background-color":"var(--ast-global-color-5)","background-image":"","background-repeat":"repeat","background-position":"center center","background-size":"auto","background-attachment":"scroll","background-type":"","background-media":"","overlay-type":"","overlay-color":"","overlay-opacity":"","overlay-gradient":""},"mobile":{"background-color":"var(--ast-global-color-5)","background-image":"","background-repeat":"repeat","background-position":"center center","background-size":"auto","background-attachment":"scroll","background-type":"","background-media":"","overlay-type":"","overlay-color":"","overlay-opacity":"","overlay-gradient":""}},"footnotes":""},"class_list":["post-1202","page","type-page","status-publish","hentry"],"jetpack_sharing_enabled":true,"_links":{"self":[{"href":"https:\/\/fitoterapiaclinica.com\/en\/wp-json\/wp\/v2\/pages\/1202","targetHints":{"allow":["GET"]}}],"collection":[{"href":"https:\/\/fitoterapiaclinica.com\/en\/wp-json\/wp\/v2\/pages"}],"about":[{"href":"https:\/\/fitoterapiaclinica.com\/en\/wp-json\/wp\/v2\/types\/page"}],"author":[{"embeddable":true,"href":"https:\/\/fitoterapiaclinica.com\/en\/wp-json\/wp\/v2\/users\/1"}],"replies":[{"embeddable":true,"href":"https:\/\/fitoterapiaclinica.com\/en\/wp-json\/wp\/v2\/comments?post=1202"}],"version-history":[{"count":4,"href":"https:\/\/fitoterapiaclinica.com\/en\/wp-json\/wp\/v2\/pages\/1202\/revisions"}],"predecessor-version":[{"id":1803,"href":"https:\/\/fitoterapiaclinica.com\/en\/wp-json\/wp\/v2\/pages\/1202\/revisions\/1803"}],"wp:attachment":[{"href":"https:\/\/fitoterapiaclinica.com\/en\/wp-json\/wp\/v2\/media?parent=1202"}],"curies":[{"name":"wp","href":"https:\/\/api.w.org\/{rel}","templated":true}]}}