{"id":7,"date":"2024-11-02T09:20:09","date_gmt":"2024-11-02T09:20:09","guid":{"rendered":"https:\/\/fitoterapiaclinica.com\/about\/"},"modified":"2025-04-10T18:00:46","modified_gmt":"2025-04-10T18:00:46","slug":"about","status":"publish","type":"page","link":"https:\/\/fitoterapiaclinica.com\/en\/about\/","title":{"rendered":"Sobre m\u00ed"},"content":{"rendered":"<div data-elementor-type=\"wp-post\" data-elementor-id=\"7\" class=\"elementor elementor-7\" data-elementor-post-type=\"page\">\n\t\t\t\t<div class=\"elementor-element elementor-element-28756bf e-flex e-con-boxed e-con e-parent\" data-id=\"28756bf\" data-element_type=\"container\" data-settings=\"{&quot;background_background&quot;:&quot;classic&quot;}\">\n\t\t\t\t\t<div class=\"e-con-inner\">\n\t\t<div class=\"elementor-element elementor-element-fc4258e e-con-full e-flex e-con e-child\" data-id=\"fc4258e\" data-element_type=\"container\">\n\t\t\t\t<div class=\"elementor-element elementor-element-802e70a elementor-widget elementor-widget-heading\" data-id=\"802e70a\" data-element_type=\"widget\" data-widget_type=\"heading.default\">\n\t\t\t\t<div class=\"elementor-widget-container\">\n\t\t\t\t\t<h5 class=\"elementor-heading-title elementor-size-default\">\"The Journey\"<\/h5>\t\t\t\t<\/div>\n\t\t\t\t<\/div>\n\t\t\t\t<div class=\"elementor-element elementor-element-df009b4 elementor-widget elementor-widget-heading\" data-id=\"df009b4\" data-element_type=\"widget\" data-widget_type=\"heading.default\">\n\t\t\t\t<div class=\"elementor-widget-container\">\n\t\t\t\t\t<h1 class=\"elementor-heading-title elementor-size-default\">About Me<\/h1>\t\t\t\t<\/div>\n\t\t\t\t<\/div>\n\t\t\t\t<\/div>\n\t\t\t\t\t<\/div>\n\t\t\t\t<\/div>\n\t\t<div class=\"elementor-element elementor-element-8297cfa e-flex e-con-boxed e-con e-parent\" data-id=\"8297cfa\" data-element_type=\"container\" data-settings=\"{&quot;background_background&quot;:&quot;classic&quot;}\">\n\t\t\t\t\t<div class=\"e-con-inner\">\n\t\t<div class=\"elementor-element elementor-element-3889d80 e-con-full e-flex e-con e-child\" data-id=\"3889d80\" data-element_type=\"container\">\n\t\t\t\t<div class=\"elementor-element elementor-element-9d2dae1 elementor-widget-divider--view-line elementor-widget elementor-widget-divider\" data-id=\"9d2dae1\" data-element_type=\"widget\" data-widget_type=\"divider.default\">\n\t\t\t\t<div class=\"elementor-widget-container\">\n\t\t\t\t\t\t\t<div class=\"elementor-divider\">\n\t\t\t<span class=\"elementor-divider-separator\">\n\t\t\t\t\t\t<\/span>\n\t\t<\/div>\n\t\t\t\t\t\t<\/div>\n\t\t\t\t<\/div>\n\t\t\t\t<div class=\"elementor-element elementor-element-d21592d elementor-widget elementor-widget-text-editor\" data-id=\"d21592d\" data-element_type=\"widget\" data-widget_type=\"text-editor.default\">\n\t\t\t\t<div class=\"elementor-widget-container\">\n\t\t\t\t\t\t\t\t\t<p>I earned my degree in Pharmacy from the University of Granada (2000), and since then<br \/>I have worked as a pharmacist in Ireland, England, and Spain. In parallel, since 2017 I have been developing my professional practice as a phytotherapist. Alongside my university studies in Pharmacy, I began my training in Spagyric Medicine with Master Abu Omar Yabir, later completing this training in 2024 with Master Eloy Sanz Cerezuela at the Escuela de Estudios Espag\u00edricos Abu Omar Yabir.<br \/>During my time in Dublin, I studied Iridology at The Irish School of Herbal Medicine and<br \/>obtained a postgraduate diploma in Clinical Phytotherapy from the University of Barcelona (2009).<br \/>Inspired by the rich herbal traditions of various Hispanic-American cultures, in 2014 I undertook a journey to the Amazon that, along with my studies in Iridology, marked a turning point in my professional career and in my perception of medicine. I studied medicinal plants in Peru with the Amazonian shaman Isabel Pinedo and with Felipa Pauccar from the Andean Q\u2019ero nation.\n\nBetween 2017 and 2018, I continued my theoretical and practical training in Medical<br \/>Herbalism with the renowned herbalist Daisy Mae BSc (Hons),<br \/>M.NIMH\u00a0<\/p>\t\t\t\t\t\t\t\t<\/div>\n\t\t\t\t<\/div>\n\t\t\t\t<\/div>\n\t\t<div class=\"elementor-element elementor-element-4ac8d54 e-con-full e-flex e-con e-child\" data-id=\"4ac8d54\" data-element_type=\"container\">\n\t\t\t\t<div class=\"elementor-element elementor-element-c6fc8e2 elementor-widget elementor-widget-text-editor\" data-id=\"c6fc8e2\" data-element_type=\"widget\" data-widget_type=\"text-editor.default\">\n\t\t\t\t<div class=\"elementor-widget-container\">\n\t\t\t\t\t\t\t\t\t<p>and completed clinical training in Canada with Katolen Yardley MNIMH, RH (AHG), and one of the world\u2019s leading experts in the field, Chanchal Cabrera MSc, FNIMH, AHG.\n\nThese studies and clinical experiences enabled me to dedicate myself fully to clinical practice,<br \/>allowing me to work directly with patients, integrating a holistic perspective both of the individual and of the medicinal plants that assist them through synergistic, personalized formulas tailored to each case.<br \/>In this way, I coined the concept of Holistic Clinical Phytotherapy (HCP), which<br \/>merges Clinical Herbalism (with its holistic approach) and modern Phytotherapy (strictly scientific).<br \/>Both my experience in Peru and my studies and practical training in Herbalism have profoundly enriched my approach, allowing me to view plants as living beings rather than mere collections of active compounds. This promotes a respectful and loving relationship with them, fostering a deep bond between Nature and us as living beings.<br \/>As the work of a herbalist suggests, our activity is not only to make recommendations, but also to become familiar with the plants in their natural environment,<\/p><p>to harvest them, and to learn how to use them safely and effectively.<br \/>Spagyric Medicine has been the perfect complement to Holistic Clinical Phytotherapy.<br \/>Coined by Paracelsus, Spagyric Medicine involves the preparation of plant-based remedies using alchemical methods. These include fermentation, distillation, and the extraction of mineral components from the plant\u2019s ashes, which are then purified and recombined to produce a more complete herbal remedy with enhanced therapeutic power.<br \/>Thanks to my background, part of my role in consultation also includes identifying so-called<br \/>\u201cred flags\u201d \u2014 indicators that a patient should be referred to a medical specialist when<br \/>necessary.<br \/>In my consultations, I broaden the patient\u2019s case history by reviewing their blood, urine, digestive, and genomic test results \u2014 an interpretation for which I am certified by the Escuela de Salud Integral (ESI). This training equips me with tools for prevention, confirmation of medical diagnosis through analysis review, and selection of the most appropriate intervention for each individual case.<\/p>\t\t\t\t\t\t\t\t<\/div>\n\t\t\t\t<\/div>\n\t\t\t\t<\/div>\n\t\t\t\t\t<\/div>\n\t\t\t\t<\/div>\n\t\t<div class=\"elementor-element elementor-element-5cc8296 e-con-full e-flex e-con e-parent\" data-id=\"5cc8296\" data-element_type=\"container\">\n\t\t<div class=\"elementor-element elementor-element-21d354d e-con-full e-flex e-con e-child\" data-id=\"21d354d\" data-element_type=\"container\" data-settings=\"{&quot;background_background&quot;:&quot;classic&quot;}\">\n\t\t\t\t<div class=\"elementor-element elementor-element-84ec67f elementor-invisible elementor-widget elementor-widget-image\" data-id=\"84ec67f\" data-element_type=\"widget\" data-settings=\"{&quot;_animation&quot;:&quot;fadeInLeft&quot;}\" data-widget_type=\"image.default\">\n\t\t\t\t<div class=\"elementor-widget-container\">\n\t\t\t\t\t\t\t\t\t\t\t\t\t\t\t<img fetchpriority=\"high\" decoding=\"async\" width=\"1024\" height=\"768\" src=\"https:\/\/i0.wp.com\/fitoterapiaclinica.com\/wp-content\/uploads\/2025\/01\/IMG_0498-scaled.jpg?fit=1024%2C768&amp;ssl=1\" class=\"attachment-large size-large wp-image-1873\" alt=\"\" srcset=\"https:\/\/i0.wp.com\/fitoterapiaclinica.com\/wp-content\/uploads\/2025\/01\/IMG_0498-scaled.jpg?w=2560&amp;ssl=1 2560w, https:\/\/i0.wp.com\/fitoterapiaclinica.com\/wp-content\/uploads\/2025\/01\/IMG_0498-scaled.jpg?resize=300%2C225&amp;ssl=1 300w, https:\/\/i0.wp.com\/fitoterapiaclinica.com\/wp-content\/uploads\/2025\/01\/IMG_0498-scaled.jpg?resize=1024%2C768&amp;ssl=1 1024w, https:\/\/i0.wp.com\/fitoterapiaclinica.com\/wp-content\/uploads\/2025\/01\/IMG_0498-scaled.jpg?resize=768%2C576&amp;ssl=1 768w, https:\/\/i0.wp.com\/fitoterapiaclinica.com\/wp-content\/uploads\/2025\/01\/IMG_0498-scaled.jpg?resize=1536%2C1152&amp;ssl=1 1536w, https:\/\/i0.wp.com\/fitoterapiaclinica.com\/wp-content\/uploads\/2025\/01\/IMG_0498-scaled.jpg?resize=2048%2C1536&amp;ssl=1 2048w, https:\/\/i0.wp.com\/fitoterapiaclinica.com\/wp-content\/uploads\/2025\/01\/IMG_0498-scaled.jpg?w=2400&amp;ssl=1 2400w\" sizes=\"(max-width: 1024px) 100vw, 1024px\" \/>\t\t\t\t\t\t\t\t\t\t\t\t\t\t\t<\/div>\n\t\t\t\t<\/div>\n\t\t\t\t<\/div>\n\t\t<div class=\"elementor-element elementor-element-5f5a69f e-con-full e-flex e-con e-child\" data-id=\"5f5a69f\" data-element_type=\"container\" data-settings=\"{&quot;background_background&quot;:&quot;classic&quot;}\">\n\t\t\t\t<div class=\"elementor-element elementor-element-8e63b0a elementor-invisible elementor-widget elementor-widget-image\" data-id=\"8e63b0a\" data-element_type=\"widget\" data-settings=\"{&quot;_animation&quot;:&quot;fadeInDown&quot;}\" data-widget_type=\"image.default\">\n\t\t\t\t<div class=\"elementor-widget-container\">\n\t\t\t\t\t\t\t\t\t\t\t\t\t\t\t<img decoding=\"async\" width=\"1024\" height=\"768\" src=\"https:\/\/i0.wp.com\/fitoterapiaclinica.com\/wp-content\/uploads\/2025\/01\/IMG_0509-scaled.jpg?fit=1024%2C768&amp;ssl=1\" class=\"attachment-large size-large wp-image-1775\" alt=\"\" srcset=\"https:\/\/i0.wp.com\/fitoterapiaclinica.com\/wp-content\/uploads\/2025\/01\/IMG_0509-scaled.jpg?w=2560&amp;ssl=1 2560w, https:\/\/i0.wp.com\/fitoterapiaclinica.com\/wp-content\/uploads\/2025\/01\/IMG_0509-scaled.jpg?resize=300%2C225&amp;ssl=1 300w, https:\/\/i0.wp.com\/fitoterapiaclinica.com\/wp-content\/uploads\/2025\/01\/IMG_0509-scaled.jpg?resize=1024%2C768&amp;ssl=1 1024w, https:\/\/i0.wp.com\/fitoterapiaclinica.com\/wp-content\/uploads\/2025\/01\/IMG_0509-scaled.jpg?resize=768%2C576&amp;ssl=1 768w, https:\/\/i0.wp.com\/fitoterapiaclinica.com\/wp-content\/uploads\/2025\/01\/IMG_0509-scaled.jpg?resize=1536%2C1152&amp;ssl=1 1536w, https:\/\/i0.wp.com\/fitoterapiaclinica.com\/wp-content\/uploads\/2025\/01\/IMG_0509-scaled.jpg?resize=2048%2C1536&amp;ssl=1 2048w, https:\/\/i0.wp.com\/fitoterapiaclinica.com\/wp-content\/uploads\/2025\/01\/IMG_0509-scaled.jpg?w=2400&amp;ssl=1 2400w\" sizes=\"(max-width: 1024px) 100vw, 1024px\" \/>\t\t\t\t\t\t\t\t\t\t\t\t\t\t\t<\/div>\n\t\t\t\t<\/div>\n\t\t\t\t<\/div>\n\t\t\t\t<\/div>\n\t\t<div class=\"elementor-element elementor-element-8986b42 e-flex e-con-boxed e-con e-parent\" data-id=\"8986b42\" data-element_type=\"container\">\n\t\t\t\t\t<div class=\"e-con-inner\">\n\t\t<div class=\"elementor-element elementor-element-36b0e59 e-con-full e-flex e-con e-child\" data-id=\"36b0e59\" data-element_type=\"container\">\n\t\t\t\t<div class=\"elementor-element elementor-element-f784b29 elementor-widget elementor-widget-heading\" data-id=\"f784b29\" data-element_type=\"widget\" data-widget_type=\"heading.default\">\n\t\t\t\t<div class=\"elementor-widget-container\">\n\t\t\t\t\t<h3 class=\"elementor-heading-title elementor-size-default\">Qualifications and training<\/h3>\t\t\t\t<\/div>\n\t\t\t\t<\/div>\n\t\t\t\t<div class=\"elementor-element elementor-element-33bd2be elementor-widget-divider--view-line elementor-widget elementor-widget-divider\" data-id=\"33bd2be\" data-element_type=\"widget\" data-widget_type=\"divider.default\">\n\t\t\t\t<div class=\"elementor-widget-container\">\n\t\t\t\t\t\t\t<div class=\"elementor-divider\">\n\t\t\t<span class=\"elementor-divider-separator\">\n\t\t\t\t\t\t<\/span>\n\t\t<\/div>\n\t\t\t\t\t\t<\/div>\n\t\t\t\t<\/div>\n\t\t\t\t<div class=\"elementor-element elementor-element-3ab5e7f elementor-widget elementor-widget-text-editor\" data-id=\"3ab5e7f\" data-element_type=\"widget\" data-widget_type=\"text-editor.default\">\n\t\t\t\t<div class=\"elementor-widget-container\">\n\t\t\t\t\t\t\t\t\t<p><strong>-Escuela de Salud Integrativa (ESI), 2024<\/strong><br \/>Advanced Course in Diagnosis and Clinical Analysis in Integrative Medicine<br \/><strong>- Granada, Spain \u2013 Cl\u00ednica 5 Elementos with the School of Traditional Spagyric Medicine Abu Omar Yabir, 2023\/2024<\/strong><br \/>Professional Course in Traditional Spagyric Medicine<br \/><strong>- M\u00e1laga, Spain \u2013 Hifas da Terra, 2019<\/strong><br \/>Introduction to Clinical Mycotherapy<br \/><strong>- M\u00e1laga, Spain \u2013 Master D Training Center, 2018<\/strong><br \/>Diploma in Pharmaceutical Compounding<br \/><strong>-Vancouver, Canad\u00e1, Katolen\u2019s Yardley Clinic and Chanchal Cabrera Msc FNIMH, <\/strong><strong>(RH)AGH, 2018<\/strong><br \/>Clinical Herbalism internship<br \/><strong>-Granada, Spain, Terpenic labs, 2017<\/strong><br \/>Aromatherapy Applied to Aesthetics<br \/><strong>-Ceratonia, Center for Phytotherapy and Education, Portugal, 2016\u00a0 \u00a0 \u00a0 \u00a0 \u00a0 <\/strong>Western Medical Herbalism with Daisy Mae BSc(Hons) MNIMH<br \/><strong>-The University of Manchester, 2011 \u2013 CPPE (Continuing Professional Development)<\/strong><br \/>Accreditation in:<\/p><p>-Medicines Use Review (MUR)<br \/>-New Medicines Service (NMS)<br \/>-Repeat dispensing<br \/>-Prescription of Emergency Hormonal Contraception, Antimalarials, Salbutamol,<br \/>Sildenafil<br \/>-Drugs abuse and misuse<br \/>-Methadone dispensing<br \/><strong>-University of Barcelona 2009-2010<\/strong><br \/>Postgraduate Diploma in Clinical Phytotherapy<br \/><strong>-Irish School of Natural Healing-Dublin\/Port Louise 2003-2004<\/strong><br \/>Diploma in Iridology<br \/><strong>-School of Traditional Studies Sothis of Granada 1998-1999<\/strong><br \/>Introduction to Traditional Spagyric Medicine, taught by Master Abu Omar Yabir<br \/><strong>-University of Granada, Class of 1993\u20131998<\/strong><br \/>Degree in Pharmacy<\/p>\t\t\t\t\t\t\t\t<\/div>\n\t\t\t\t<\/div>\n\t\t\t\t<\/div>\n\t\t\t\t\t<\/div>\n\t\t\t\t<\/div>\n\t\t<div class=\"elementor-element elementor-element-e954ff9 e-flex e-con-boxed e-con e-parent\" data-id=\"e954ff9\" data-element_type=\"container\" data-settings=\"{&quot;background_background&quot;:&quot;classic&quot;}\">\n\t\t\t\t\t<div class=\"e-con-inner\">\n\t\t<div class=\"elementor-element elementor-element-cbddb06 e-con-full e-flex e-con e-child\" data-id=\"cbddb06\" data-element_type=\"container\">\n\t\t\t\t<div class=\"elementor-element elementor-element-244fe57 elementor-widget elementor-widget-counter\" data-id=\"244fe57\" data-element_type=\"widget\" data-widget_type=\"counter.default\">\n\t\t\t\t<div class=\"elementor-widget-container\">\n\t\t\t\t\t\t\t<div class=\"elementor-counter\">\n\t\t\t<div class=\"elementor-counter-title\">Consultation performance<\/div>\t\t\t<div class=\"elementor-counter-number-wrapper\">\n\t\t\t\t<span class=\"elementor-counter-number-prefix\">+ <\/span>\n\t\t\t\t<span class=\"elementor-counter-number\" data-duration=\"2000\" data-to-value=\"250\" data-from-value=\"0\" data-delimiter=\",\">0<\/span>\n\t\t\t\t<span class=\"elementor-counter-number-suffix\"><\/span>\n\t\t\t<\/div>\n\t\t<\/div>\n\t\t\t\t\t\t<\/div>\n\t\t\t\t<\/div>\n\t\t\t\t<\/div>\n\t\t\t\t\t<\/div>\n\t\t\t\t<\/div>\n\t\t\t\t<\/div>","protected":false},"excerpt":{"rendered":"<p>Unas pocas palabras Sobre M\u00ed Me licenci\u00e9 en Farmacia por la Universidad de Granada (a\u00f1o 2000), y desde entonces hetrabajado como farmac\u00e9utica en Irlanda, Inglaterra y Espa\u00f1a. Paralelamente desde el 2017 inicio mi actividad profesional como fitoterapeuta. A la par de mis estudios en la facultad de farmacia, inici\u00e9 mi formaci\u00f3n en Espagiria con el [&hellip;]<\/p>","protected":false},"author":1,"featured_media":0,"parent":0,"menu_order":0,"comment_status":"closed","ping_status":"closed","template":"","meta":{"_monsterinsights_skip_tracking":false,"_monsterinsights_sitenote_active":false,"_monsterinsights_sitenote_note":"","_monsterinsights_sitenote_category":0,"site-sidebar-layout":"no-sidebar","site-content-layout":"page-builder","ast-site-content-layout":"full-width-container","site-content-style":"unboxed","site-sidebar-style":"unboxed","ast-global-header-display":"","ast-banner-title-visibility":"","ast-main-header-display":"","ast-hfb-above-header-display":"","ast-hfb-below-header-display":"","ast-hfb-mobile-header-display":"","site-post-title":"disabled","ast-breadcrumbs-content":"","ast-featured-img":"disabled","footer-sml-layout":"","theme-transparent-header-meta":"enabled","adv-header-id-meta":"","stick-header-meta":"","header-above-stick-meta":"","header-main-stick-meta":"","header-below-stick-meta":"","astra-migrate-meta-layouts":"set","ast-page-background-enabled":"default","ast-page-background-meta":{"desktop":{"background-color":"","background-image":"","background-repeat":"repeat","background-position":"center center","background-size":"auto","background-attachment":"scroll","background-type":"","background-media":"","overlay-type":"","overlay-color":"","overlay-opacity":"","overlay-gradient":""},"tablet":{"background-color":"","background-image":"","background-repeat":"repeat","background-position":"center center","background-size":"auto","background-attachment":"scroll","background-type":"","background-media":"","overlay-type":"","overlay-color":"","overlay-opacity":"","overlay-gradient":""},"mobile":{"background-color":"","background-image":"","background-repeat":"repeat","background-position":"center center","background-size":"auto","background-attachment":"scroll","background-type":"","background-media":"","overlay-type":"","overlay-color":"","overlay-opacity":"","overlay-gradient":""}},"ast-content-background-meta":{"desktop":{"background-color":"var(--ast-global-color-5)","background-image":"","background-repeat":"repeat","background-position":"center center","background-size":"auto","background-attachment":"scroll","background-type":"","background-media":"","overlay-type":"","overlay-color":"","overlay-opacity":"","overlay-gradient":""},"tablet":{"background-color":"var(--ast-global-color-5)","background-image":"","background-repeat":"repeat","background-position":"center center","background-size":"auto","background-attachment":"scroll","background-type":"","background-media":"","overlay-type":"","overlay-color":"","overlay-opacity":"","overlay-gradient":""},"mobile":{"background-color":"var(--ast-global-color-5)","background-image":"","background-repeat":"repeat","background-position":"center center","background-size":"auto","background-attachment":"scroll","background-type":"","background-media":"","overlay-type":"","overlay-color":"","overlay-opacity":"","overlay-gradient":""}},"footnotes":""},"class_list":["post-7","page","type-page","status-publish","hentry"],"jetpack_sharing_enabled":true,"_links":{"self":[{"href":"https:\/\/fitoterapiaclinica.com\/en\/wp-json\/wp\/v2\/pages\/7","targetHints":{"allow":["GET"]}}],"collection":[{"href":"https:\/\/fitoterapiaclinica.com\/en\/wp-json\/wp\/v2\/pages"}],"about":[{"href":"https:\/\/fitoterapiaclinica.com\/en\/wp-json\/wp\/v2\/types\/page"}],"author":[{"embeddable":true,"href":"https:\/\/fitoterapiaclinica.com\/en\/wp-json\/wp\/v2\/users\/1"}],"replies":[{"embeddable":true,"href":"https:\/\/fitoterapiaclinica.com\/en\/wp-json\/wp\/v2\/comments?post=7"}],"version-history":[{"count":94,"href":"https:\/\/fitoterapiaclinica.com\/en\/wp-json\/wp\/v2\/pages\/7\/revisions"}],"predecessor-version":[{"id":2033,"href":"https:\/\/fitoterapiaclinica.com\/en\/wp-json\/wp\/v2\/pages\/7\/revisions\/2033"}],"wp:attachment":[{"href":"https:\/\/fitoterapiaclinica.com\/en\/wp-json\/wp\/v2\/media?parent=7"}],"curies":[{"name":"wp","href":"https:\/\/api.w.org\/{rel}","templated":true}]}}